{"id":3282,"date":"2023-12-26T14:07:36","date_gmt":"2023-12-26T14:07:36","guid":{"rendered":"https:\/\/www.gdwsecurity.be\/pro\/sectoren\/"},"modified":"2024-07-22T12:41:48","modified_gmt":"2024-07-22T12:41:48","slug":"secteurs","status":"publish","type":"page","link":"https:\/\/www.gdwsecurity.be\/fr\/pro\/secteurs\/","title":{"rendered":"Sectoren"},"content":{"rendered":"","protected":false},"excerpt":{"rendered":"","protected":false},"author":1,"featured_media":0,"parent":3252,"menu_order":0,"comment_status":"closed","ping_status":"closed","template":"template\/generalTemplate.php","meta":{"_acf_changed":false,"inline_featured_image":false,"footnotes":""},"class_list":["post-3282","page","type-page","status-publish","hentry"],"acf":[],"yoast_head":"<!-- This site is optimized with the Yoast SEO plugin v26.4 - https:\/\/yoast.com\/wordpress\/plugins\/seo\/ -->\n<title>Secteurs - GDW security<\/title>\n<meta name=\"description\" content=\"Chaque entreprise m\u00e9rite son propre concept de s\u00e9curit\u00e9 unique. D\u00e9couvrez ici les secteurs dans lesquels GDW Security se sp\u00e9cialise.\" \/>\n<meta name=\"robots\" content=\"index, follow, max-snippet:-1, max-image-preview:large, max-video-preview:-1\" \/>\n<link rel=\"canonical\" href=\"https:\/\/www.gdwsecurity.be\/fr\/pro\/secteurs\/\" \/>\n<meta property=\"og:locale\" content=\"fr_FR\" \/>\n<meta property=\"og:type\" content=\"article\" \/>\n<meta property=\"og:title\" content=\"Secteurs - GDW security\" \/>\n<meta property=\"og:description\" content=\"Chaque entreprise m\u00e9rite son propre concept de s\u00e9curit\u00e9 unique. D\u00e9couvrez ici les secteurs dans lesquels GDW Security se sp\u00e9cialise.\" \/>\n<meta property=\"og:url\" content=\"https:\/\/www.gdwsecurity.be\/fr\/pro\/secteurs\/\" \/>\n<meta property=\"og:site_name\" content=\"GDW security\" \/>\n<meta property=\"article:publisher\" content=\"https:\/\/www.facebook.com\/GDWnv\/\" \/>\n<meta property=\"article:modified_time\" content=\"2024-07-22T12:41:48+00:00\" \/>\n<meta name=\"twitter:card\" content=\"summary_large_image\" \/>\n<script type=\"application\/ld+json\" class=\"yoast-schema-graph\">{\"@context\":\"https:\/\/schema.org\",\"@graph\":[{\"@type\":\"WebPage\",\"@id\":\"https:\/\/www.gdwsecurity.be\/fr\/pro\/secteurs\/\",\"url\":\"https:\/\/www.gdwsecurity.be\/fr\/pro\/secteurs\/\",\"name\":\"Secteurs - GDW security\",\"isPartOf\":{\"@id\":\"https:\/\/www.gdwsecurity.be\/fr\/#website\"},\"datePublished\":\"2023-12-26T14:07:36+00:00\",\"dateModified\":\"2024-07-22T12:41:48+00:00\",\"description\":\"Chaque entreprise m\u00e9rite son propre concept de s\u00e9curit\u00e9 unique. D\u00e9couvrez ici les secteurs dans lesquels GDW Security se sp\u00e9cialise.\",\"breadcrumb\":{\"@id\":\"https:\/\/www.gdwsecurity.be\/fr\/pro\/secteurs\/#breadcrumb\"},\"inLanguage\":\"fr-FR\",\"potentialAction\":[{\"@type\":\"ReadAction\",\"target\":[\"https:\/\/www.gdwsecurity.be\/fr\/pro\/secteurs\/\"]}]},{\"@type\":\"BreadcrumbList\",\"@id\":\"https:\/\/www.gdwsecurity.be\/fr\/pro\/secteurs\/#breadcrumb\",\"itemListElement\":[{\"@type\":\"ListItem\",\"position\":1,\"name\":\"Home\",\"item\":\"https:\/\/www.gdwsecurity.be\/fr\/\"},{\"@type\":\"ListItem\",\"position\":2,\"name\":\"Pro\",\"item\":\"https:\/\/www.gdwsecurity.be\/fr\/\"},{\"@type\":\"ListItem\",\"position\":3,\"name\":\"Sectoren\"}]},{\"@type\":\"WebSite\",\"@id\":\"https:\/\/www.gdwsecurity.be\/fr\/#website\",\"url\":\"https:\/\/www.gdwsecurity.be\/fr\/\",\"name\":\"GDW security\",\"description\":\"\",\"publisher\":{\"@id\":\"https:\/\/www.gdwsecurity.be\/fr\/#organization\"},\"potentialAction\":[{\"@type\":\"SearchAction\",\"target\":{\"@type\":\"EntryPoint\",\"urlTemplate\":\"https:\/\/www.gdwsecurity.be\/fr\/?s={search_term_string}\"},\"query-input\":{\"@type\":\"PropertyValueSpecification\",\"valueRequired\":true,\"valueName\":\"search_term_string\"}}],\"inLanguage\":\"fr-FR\"},{\"@type\":\"Organization\",\"@id\":\"https:\/\/www.gdwsecurity.be\/fr\/#organization\",\"name\":\"GDW Security\",\"alternateName\":\"GDW Security\",\"url\":\"https:\/\/www.gdwsecurity.be\/fr\/\",\"logo\":{\"@type\":\"ImageObject\",\"inLanguage\":\"fr-FR\",\"@id\":\"https:\/\/www.gdwsecurity.be\/fr\/#\/schema\/logo\/image\/\",\"url\":\"https:\/\/www.gdwsecurity.be\/wp-content\/uploads\/2024\/03\/gdw.svg\",\"contentUrl\":\"https:\/\/www.gdwsecurity.be\/wp-content\/uploads\/2024\/03\/gdw.svg\",\"width\":\"1024\",\"height\":\"1024\",\"caption\":\"GDW Security\"},\"image\":{\"@id\":\"https:\/\/www.gdwsecurity.be\/fr\/#\/schema\/logo\/image\/\"},\"sameAs\":[\"https:\/\/www.facebook.com\/GDWnv\/\",\"https:\/\/www.linkedin.com\/company\/gdw-security-nv\/\",\"https:\/\/www.youtube.com\/c\/gdwsecurity\"]}]}<\/script>\n<!-- \/ Yoast SEO plugin. -->","yoast_head_json":{"title":"Secteurs - GDW security","description":"Chaque entreprise m\u00e9rite son propre concept de s\u00e9curit\u00e9 unique. D\u00e9couvrez ici les secteurs dans lesquels GDW Security se sp\u00e9cialise.","robots":{"index":"index","follow":"follow","max-snippet":"max-snippet:-1","max-image-preview":"max-image-preview:large","max-video-preview":"max-video-preview:-1"},"canonical":"https:\/\/www.gdwsecurity.be\/fr\/pro\/secteurs\/","og_locale":"fr_FR","og_type":"article","og_title":"Secteurs - GDW security","og_description":"Chaque entreprise m\u00e9rite son propre concept de s\u00e9curit\u00e9 unique. D\u00e9couvrez ici les secteurs dans lesquels GDW Security se sp\u00e9cialise.","og_url":"https:\/\/www.gdwsecurity.be\/fr\/pro\/secteurs\/","og_site_name":"GDW security","article_publisher":"https:\/\/www.facebook.com\/GDWnv\/","article_modified_time":"2024-07-22T12:41:48+00:00","twitter_card":"summary_large_image","schema":{"@context":"https:\/\/schema.org","@graph":[{"@type":"WebPage","@id":"https:\/\/www.gdwsecurity.be\/fr\/pro\/secteurs\/","url":"https:\/\/www.gdwsecurity.be\/fr\/pro\/secteurs\/","name":"Secteurs - GDW security","isPartOf":{"@id":"https:\/\/www.gdwsecurity.be\/fr\/#website"},"datePublished":"2023-12-26T14:07:36+00:00","dateModified":"2024-07-22T12:41:48+00:00","description":"Chaque entreprise m\u00e9rite son propre concept de s\u00e9curit\u00e9 unique. D\u00e9couvrez ici les secteurs dans lesquels GDW Security se sp\u00e9cialise.","breadcrumb":{"@id":"https:\/\/www.gdwsecurity.be\/fr\/pro\/secteurs\/#breadcrumb"},"inLanguage":"fr-FR","potentialAction":[{"@type":"ReadAction","target":["https:\/\/www.gdwsecurity.be\/fr\/pro\/secteurs\/"]}]},{"@type":"BreadcrumbList","@id":"https:\/\/www.gdwsecurity.be\/fr\/pro\/secteurs\/#breadcrumb","itemListElement":[{"@type":"ListItem","position":1,"name":"Home","item":"https:\/\/www.gdwsecurity.be\/fr\/"},{"@type":"ListItem","position":2,"name":"Pro","item":"https:\/\/www.gdwsecurity.be\/fr\/"},{"@type":"ListItem","position":3,"name":"Sectoren"}]},{"@type":"WebSite","@id":"https:\/\/www.gdwsecurity.be\/fr\/#website","url":"https:\/\/www.gdwsecurity.be\/fr\/","name":"GDW security","description":"","publisher":{"@id":"https:\/\/www.gdwsecurity.be\/fr\/#organization"},"potentialAction":[{"@type":"SearchAction","target":{"@type":"EntryPoint","urlTemplate":"https:\/\/www.gdwsecurity.be\/fr\/?s={search_term_string}"},"query-input":{"@type":"PropertyValueSpecification","valueRequired":true,"valueName":"search_term_string"}}],"inLanguage":"fr-FR"},{"@type":"Organization","@id":"https:\/\/www.gdwsecurity.be\/fr\/#organization","name":"GDW Security","alternateName":"GDW Security","url":"https:\/\/www.gdwsecurity.be\/fr\/","logo":{"@type":"ImageObject","inLanguage":"fr-FR","@id":"https:\/\/www.gdwsecurity.be\/fr\/#\/schema\/logo\/image\/","url":"https:\/\/www.gdwsecurity.be\/wp-content\/uploads\/2024\/03\/gdw.svg","contentUrl":"https:\/\/www.gdwsecurity.be\/wp-content\/uploads\/2024\/03\/gdw.svg","width":"1024","height":"1024","caption":"GDW Security"},"image":{"@id":"https:\/\/www.gdwsecurity.be\/fr\/#\/schema\/logo\/image\/"},"sameAs":["https:\/\/www.facebook.com\/GDWnv\/","https:\/\/www.linkedin.com\/company\/gdw-security-nv\/","https:\/\/www.youtube.com\/c\/gdwsecurity"]}]}},"_links":{"self":[{"href":"https:\/\/www.gdwsecurity.be\/fr\/wp-json\/wp\/v2\/pages\/3282","targetHints":{"allow":["GET"]}}],"collection":[{"href":"https:\/\/www.gdwsecurity.be\/fr\/wp-json\/wp\/v2\/pages"}],"about":[{"href":"https:\/\/www.gdwsecurity.be\/fr\/wp-json\/wp\/v2\/types\/page"}],"author":[{"embeddable":true,"href":"https:\/\/www.gdwsecurity.be\/fr\/wp-json\/wp\/v2\/users\/1"}],"replies":[{"embeddable":true,"href":"https:\/\/www.gdwsecurity.be\/fr\/wp-json\/wp\/v2\/comments?post=3282"}],"version-history":[{"count":0,"href":"https:\/\/www.gdwsecurity.be\/fr\/wp-json\/wp\/v2\/pages\/3282\/revisions"}],"up":[{"embeddable":true,"href":"https:\/\/www.gdwsecurity.be\/fr\/wp-json\/wp\/v2\/pages\/3252"}],"wp:attachment":[{"href":"https:\/\/www.gdwsecurity.be\/fr\/wp-json\/wp\/v2\/media?parent=3282"}],"curies":[{"name":"wp","href":"https:\/\/api.w.org\/{rel}","templated":true}]}}